{"id":6476,"date":"2024-01-29T14:43:25","date_gmt":"2024-01-29T11:43:25","guid":{"rendered":"https:\/\/ozturkiselbiseleri.com\/?post_type=product&#038;p=6476"},"modified":"2024-01-29T14:43:25","modified_gmt":"2024-01-29T11:43:25","slug":"mfk-7700-su-bariyeri-50-x-50-x-120-cm","status":"publish","type":"product","link":"https:\/\/ozturkiselbiseleri.com\/?product=mfk-7700-su-bariyeri-50-x-50-x-120-cm","title":{"rendered":"MFK 7700 SU BAR\u0130YER\u0130 50 x 50 x 120 CM"},"content":{"rendered":"<h2>MFK 7700 TEKN\u0130K \u00d6ZELL\u0130KLER<\/h2>\n<table width=\"255\">\n<tbody>\n<tr>\n<td width=\"64\">Malzeme<\/td>\n<td width=\"12\">:<\/td>\n<td width=\"179\">LDHP<\/td>\n<\/tr>\n<tr>\n<td>Geni\u015flik<\/td>\n<td>:<\/td>\n<td>50 cm<\/td>\n<\/tr>\n<tr>\n<td>Uzunluk<\/td>\n<td>:<\/td>\n<td>120 cm<\/td>\n<\/tr>\n<tr>\n<td>Y\u00fckseklik<\/td>\n<td>:<\/td>\n<td>50 cm<\/td>\n<\/tr>\n<tr>\n<td>Bo\u015f A\u011f\u0131rl\u0131k<\/td>\n<td>:<\/td>\n<td>10.000 gr<\/td>\n<\/tr>\n<tr>\n<td>Dolu A\u011f\u0131rl\u0131k<\/td>\n<td>:<\/td>\n<td>100 lt<\/td>\n<\/tr>\n<tr>\n<td>Renk<\/td>\n<td>:<\/td>\n<td>K\u0131rm\u0131z\u0131 , Beyaz<\/td>\n<\/tr>\n<tr>\n<td>Montaj<\/td>\n<td>:<\/td>\n<td>Ta\u015f\u0131nabilir , Su Doldurulabilir<\/td>\n<\/tr>\n<\/tbody>\n<\/table>\n","protected":false},"excerpt":{"rendered":"<p>MFK 7700 TEKN\u0130K \u00d6ZELL\u0130KLER Malzeme : LDHP Geni\u015flik : 50 cm Uzunluk : 120 cm Y\u00fckseklik : 50 cm Bo\u015f A\u011f\u0131rl\u0131k : 10.000 gr Dolu&#8230;<\/p>\n","protected":false},"featured_media":6477,"comment_status":"open","ping_status":"closed","template":"","meta":[],"product_cat":[89,70],"product_tag":[],"_links":{"self":[{"href":"https:\/\/ozturkiselbiseleri.com\/index.php?rest_route=\/wp\/v2\/product\/6476"}],"collection":[{"href":"https:\/\/ozturkiselbiseleri.com\/index.php?rest_route=\/wp\/v2\/product"}],"about":[{"href":"https:\/\/ozturkiselbiseleri.com\/index.php?rest_route=\/wp\/v2\/types\/product"}],"replies":[{"embeddable":true,"href":"https:\/\/ozturkiselbiseleri.com\/index.php?rest_route=%2Fwp%2Fv2%2Fcomments&post=6476"}],"wp:featuredmedia":[{"embeddable":true,"href":"https:\/\/ozturkiselbiseleri.com\/index.php?rest_route=\/wp\/v2\/media\/6477"}],"wp:attachment":[{"href":"https:\/\/ozturkiselbiseleri.com\/index.php?rest_route=%2Fwp%2Fv2%2Fmedia&parent=6476"}],"wp:term":[{"taxonomy":"product_cat","embeddable":true,"href":"https:\/\/ozturkiselbiseleri.com\/index.php?rest_route=%2Fwp%2Fv2%2Fproduct_cat&post=6476"},{"taxonomy":"product_tag","embeddable":true,"href":"https:\/\/ozturkiselbiseleri.com\/index.php?rest_route=%2Fwp%2Fv2%2Fproduct_tag&post=6476"}],"curies":[{"name":"wp","href":"https:\/\/api.w.org\/{rel}","templated":true}]}}