{"id":6482,"date":"2024-01-29T14:45:40","date_gmt":"2024-01-29T11:45:40","guid":{"rendered":"https:\/\/ozturkiselbiseleri.com\/?post_type=product&#038;p=6482"},"modified":"2024-01-29T14:45:40","modified_gmt":"2024-01-29T11:45:40","slug":"mfk-7001-kirmizi-akordiyon-bariyer","status":"publish","type":"product","link":"https:\/\/ozturkiselbiseleri.com\/?product=mfk-7001-kirmizi-akordiyon-bariyer","title":{"rendered":"MFK 7001 KIRMIZI AKORD\u0130YON BAR\u0130YER"},"content":{"rendered":"<h2>MFK 7001 TEKN\u0130K \u00d6ZELL\u0130KLER<\/h2>\n<table width=\"269\">\n<tbody>\n<tr>\n<td width=\"64\">Malzeme<\/td>\n<td width=\"56\"><\/td>\n<td width=\"12\">:<\/td>\n<td width=\"137\">HDPE<\/td>\n<\/tr>\n<tr>\n<td>Geni\u015flik<\/td>\n<td><\/td>\n<td>:<\/td>\n<td>46 cm<\/td>\n<\/tr>\n<tr>\n<td colspan=\"2\">Kapal\u0131 Uzunluk<\/td>\n<td>:<\/td>\n<td>15 cm<\/td>\n<\/tr>\n<tr>\n<td colspan=\"2\">A\u00e7\u0131k Uzunluk Max.<\/td>\n<td>:<\/td>\n<td>138 cm<\/td>\n<\/tr>\n<tr>\n<td>Y\u00fckseklik<\/td>\n<td><\/td>\n<td>:<\/td>\n<td>110<\/td>\n<\/tr>\n<tr>\n<td colspan=\"2\">Bo\u015f A\u011f\u0131rl\u0131k<\/td>\n<td>:<\/td>\n<td>5750 gr \u00b1 500 gr<\/td>\n<\/tr>\n<tr>\n<td colspan=\"2\">Dolu A\u011f\u0131rl\u0131k<\/td>\n<td>:<\/td>\n<td>13000 gr<\/td>\n<\/tr>\n<tr>\n<td colspan=\"2\">Reflektif Say\u0131s\u0131<\/td>\n<td>:<\/td>\n<td>12<\/td>\n<\/tr>\n<tr>\n<td colspan=\"2\">Reflektif Tipi<\/td>\n<td>:<\/td>\n<td>Petekli<\/td>\n<\/tr>\n<tr>\n<td>Renk<\/td>\n<td><\/td>\n<td>:<\/td>\n<td>K\u0131rm\u0131z\u0131<\/td>\n<\/tr>\n<tr>\n<td>Montaj<\/td>\n<td><\/td>\n<td>:<\/td>\n<td>Ta\u015f\u0131nabilir<\/td>\n<\/tr>\n<\/tbody>\n<\/table>\n","protected":false},"excerpt":{"rendered":"<p>MFK 7001 TEKN\u0130K \u00d6ZELL\u0130KLER Malzeme : HDPE Geni\u015flik : 46 cm Kapal\u0131 Uzunluk : 15 cm A\u00e7\u0131k Uzunluk Max. : 138 cm Y\u00fckseklik : 110&#8230;<\/p>\n","protected":false},"featured_media":6483,"comment_status":"open","ping_status":"closed","template":"","meta":[],"product_cat":[89,70],"product_tag":[],"_links":{"self":[{"href":"https:\/\/ozturkiselbiseleri.com\/index.php?rest_route=\/wp\/v2\/product\/6482"}],"collection":[{"href":"https:\/\/ozturkiselbiseleri.com\/index.php?rest_route=\/wp\/v2\/product"}],"about":[{"href":"https:\/\/ozturkiselbiseleri.com\/index.php?rest_route=\/wp\/v2\/types\/product"}],"replies":[{"embeddable":true,"href":"https:\/\/ozturkiselbiseleri.com\/index.php?rest_route=%2Fwp%2Fv2%2Fcomments&post=6482"}],"wp:featuredmedia":[{"embeddable":true,"href":"https:\/\/ozturkiselbiseleri.com\/index.php?rest_route=\/wp\/v2\/media\/6483"}],"wp:attachment":[{"href":"https:\/\/ozturkiselbiseleri.com\/index.php?rest_route=%2Fwp%2Fv2%2Fmedia&parent=6482"}],"wp:term":[{"taxonomy":"product_cat","embeddable":true,"href":"https:\/\/ozturkiselbiseleri.com\/index.php?rest_route=%2Fwp%2Fv2%2Fproduct_cat&post=6482"},{"taxonomy":"product_tag","embeddable":true,"href":"https:\/\/ozturkiselbiseleri.com\/index.php?rest_route=%2Fwp%2Fv2%2Fproduct_tag&post=6482"}],"curies":[{"name":"wp","href":"https:\/\/api.w.org\/{rel}","templated":true}]}}