{"id":6484,"date":"2024-01-29T14:46:15","date_gmt":"2024-01-29T11:46:15","guid":{"rendered":"https:\/\/ozturkiselbiseleri.com\/?post_type=product&#038;p=6484"},"modified":"2024-01-29T14:46:15","modified_gmt":"2024-01-29T11:46:15","slug":"mfk-7002-sari-akordiyon-bariyer","status":"publish","type":"product","link":"https:\/\/ozturkiselbiseleri.com\/?product=mfk-7002-sari-akordiyon-bariyer","title":{"rendered":"MFK 7002 SARI AKORD\u0130YON BAR\u0130YER"},"content":{"rendered":"<h2>MFK 7002 TEKN\u0130K \u00d6ZELL\u0130KLER<\/h2>\n<table width=\"247\">\n<tbody>\n<tr>\n<td width=\"64\">Malzeme<\/td>\n<td width=\"34\"><\/td>\n<td width=\"12\">:<\/td>\n<td width=\"137\">HDPE<\/td>\n<\/tr>\n<tr>\n<td>Geni\u015flik<\/td>\n<td><\/td>\n<td>:<\/td>\n<td>36 cm<\/td>\n<\/tr>\n<tr>\n<td colspan=\"2\">Kapal\u0131 Uzunluk<\/td>\n<td>:<\/td>\n<td>25 cm<\/td>\n<\/tr>\n<tr>\n<td colspan=\"2\">A\u00e7\u0131k Uzunluk<\/td>\n<td>:<\/td>\n<td>255 cm<\/td>\n<\/tr>\n<tr>\n<td>Y\u00fckseklik<\/td>\n<td><\/td>\n<td>:<\/td>\n<td>97 cm<\/td>\n<\/tr>\n<tr>\n<td colspan=\"2\">Bo\u015f A\u011f\u0131rl\u0131k<\/td>\n<td>:<\/td>\n<td>2800 gr \u00b1 250 gr<\/td>\n<\/tr>\n<tr>\n<td colspan=\"2\">Dolu A\u011f\u0131rl\u0131k<\/td>\n<td>:<\/td>\n<td>10.000 gr<\/td>\n<\/tr>\n<tr>\n<td colspan=\"2\">Reflektif Say\u0131s\u0131<\/td>\n<td>:<\/td>\n<td>18 Adet<\/td>\n<\/tr>\n<tr>\n<td colspan=\"2\">Reflektif Tipi<\/td>\n<td>:<\/td>\n<td>Petekli<\/td>\n<\/tr>\n<tr>\n<td>Renk<\/td>\n<td><\/td>\n<td>:<\/td>\n<td>Sar\u0131<\/td>\n<\/tr>\n<tr>\n<td>Montaj<\/td>\n<td><\/td>\n<td>:<\/td>\n<td>Ta\u015f\u0131nabilir<\/td>\n<\/tr>\n<\/tbody>\n<\/table>\n","protected":false},"excerpt":{"rendered":"<p>MFK 7002 TEKN\u0130K \u00d6ZELL\u0130KLER Malzeme : HDPE Geni\u015flik : 36 cm Kapal\u0131 Uzunluk : 25 cm A\u00e7\u0131k Uzunluk : 255 cm Y\u00fckseklik : 97 cm&#8230;<\/p>\n","protected":false},"featured_media":6485,"comment_status":"open","ping_status":"closed","template":"","meta":[],"product_cat":[89,70],"product_tag":[],"_links":{"self":[{"href":"https:\/\/ozturkiselbiseleri.com\/index.php?rest_route=\/wp\/v2\/product\/6484"}],"collection":[{"href":"https:\/\/ozturkiselbiseleri.com\/index.php?rest_route=\/wp\/v2\/product"}],"about":[{"href":"https:\/\/ozturkiselbiseleri.com\/index.php?rest_route=\/wp\/v2\/types\/product"}],"replies":[{"embeddable":true,"href":"https:\/\/ozturkiselbiseleri.com\/index.php?rest_route=%2Fwp%2Fv2%2Fcomments&post=6484"}],"wp:featuredmedia":[{"embeddable":true,"href":"https:\/\/ozturkiselbiseleri.com\/index.php?rest_route=\/wp\/v2\/media\/6485"}],"wp:attachment":[{"href":"https:\/\/ozturkiselbiseleri.com\/index.php?rest_route=%2Fwp%2Fv2%2Fmedia&parent=6484"}],"wp:term":[{"taxonomy":"product_cat","embeddable":true,"href":"https:\/\/ozturkiselbiseleri.com\/index.php?rest_route=%2Fwp%2Fv2%2Fproduct_cat&post=6484"},{"taxonomy":"product_tag","embeddable":true,"href":"https:\/\/ozturkiselbiseleri.com\/index.php?rest_route=%2Fwp%2Fv2%2Fproduct_tag&post=6484"}],"curies":[{"name":"wp","href":"https:\/\/api.w.org\/{rel}","templated":true}]}}