{"id":6488,"date":"2024-01-29T14:48:01","date_gmt":"2024-01-29T11:48:01","guid":{"rendered":"https:\/\/ozturkiselbiseleri.com\/?post_type=product&#038;p=6488"},"modified":"2024-01-29T14:48:01","modified_gmt":"2024-01-29T11:48:01","slug":"mfk-7300-serit-krom-bariyer","status":"publish","type":"product","link":"https:\/\/ozturkiselbiseleri.com\/?product=mfk-7300-serit-krom-bariyer","title":{"rendered":"MFK 7300 \u015eER\u0130T KROM BAR\u0130YER"},"content":{"rendered":"<h2>MFK 7300 TEKN\u0130K \u00d6ZELL\u0130KLER<\/h2>\n<p>Y\u00fckseklik : 910 mm<\/p>\n<p>\u00c7ap : 63 mm<\/p>\n<p>Taban \u00c7ap\u0131 : 320 mm<\/p>\n<p>A\u011f\u0131rl\u0131k : 8,20 kg<\/p>\n<p>Renk : Metalize<\/p>\n","protected":false},"excerpt":{"rendered":"<p>MFK 7300 TEKN\u0130K \u00d6ZELL\u0130KLER Y\u00fckseklik : 910 mm \u00c7ap : 63 mm Taban \u00c7ap\u0131 : 320 mm A\u011f\u0131rl\u0131k : 8,20 kg Renk : Metalize<\/p>\n","protected":false},"featured_media":6489,"comment_status":"open","ping_status":"closed","template":"","meta":[],"product_cat":[89,70],"product_tag":[],"_links":{"self":[{"href":"https:\/\/ozturkiselbiseleri.com\/index.php?rest_route=\/wp\/v2\/product\/6488"}],"collection":[{"href":"https:\/\/ozturkiselbiseleri.com\/index.php?rest_route=\/wp\/v2\/product"}],"about":[{"href":"https:\/\/ozturkiselbiseleri.com\/index.php?rest_route=\/wp\/v2\/types\/product"}],"replies":[{"embeddable":true,"href":"https:\/\/ozturkiselbiseleri.com\/index.php?rest_route=%2Fwp%2Fv2%2Fcomments&post=6488"}],"wp:featuredmedia":[{"embeddable":true,"href":"https:\/\/ozturkiselbiseleri.com\/index.php?rest_route=\/wp\/v2\/media\/6489"}],"wp:attachment":[{"href":"https:\/\/ozturkiselbiseleri.com\/index.php?rest_route=%2Fwp%2Fv2%2Fmedia&parent=6488"}],"wp:term":[{"taxonomy":"product_cat","embeddable":true,"href":"https:\/\/ozturkiselbiseleri.com\/index.php?rest_route=%2Fwp%2Fv2%2Fproduct_cat&post=6488"},{"taxonomy":"product_tag","embeddable":true,"href":"https:\/\/ozturkiselbiseleri.com\/index.php?rest_route=%2Fwp%2Fv2%2Fproduct_tag&post=6488"}],"curies":[{"name":"wp","href":"https:\/\/api.w.org\/{rel}","templated":true}]}}