{"id":6490,"date":"2024-01-29T14:48:39","date_gmt":"2024-01-29T11:48:39","guid":{"rendered":"https:\/\/ozturkiselbiseleri.com\/?post_type=product&#038;p=6490"},"modified":"2024-01-29T14:48:39","modified_gmt":"2024-01-29T11:48:39","slug":"mfk-7400-zabita-bariyeri","status":"publish","type":"product","link":"https:\/\/ozturkiselbiseleri.com\/?product=mfk-7400-zabita-bariyeri","title":{"rendered":"MFK 7400 ZABITA BAR\u0130YER\u0130"},"content":{"rendered":"<h2>MFK 7400 TEKN\u0130K \u00d6ZELL\u0130KLER<\/h2>\n<table width=\"259\">\n<tbody>\n<tr>\n<td colspan=\"2\" width=\"68\">Malzeme<\/td>\n<td width=\"12\">:<\/td>\n<td width=\"179\">Demir<\/td>\n<\/tr>\n<tr>\n<td>Geni\u015flik<\/td>\n<td><\/td>\n<td>:<\/td>\n<td>60 cm<\/td>\n<\/tr>\n<tr>\n<td>Uzunluk<\/td>\n<td><\/td>\n<td>:<\/td>\n<td>180 cm<\/td>\n<\/tr>\n<tr>\n<td>Y\u00fckseklik<\/td>\n<td><\/td>\n<td>:<\/td>\n<td>118 cm<\/td>\n<\/tr>\n<tr>\n<td>A\u011f\u0131rl\u0131k<\/td>\n<td><\/td>\n<td>:<\/td>\n<td>16.000 gr \u00b1 1000 gr<\/td>\n<\/tr>\n<tr>\n<td>Renk<\/td>\n<td><\/td>\n<td>:<\/td>\n<td>Mavi<\/td>\n<\/tr>\n<tr>\n<td>Montaj<\/td>\n<td><\/td>\n<td>:<\/td>\n<td>Ta\u015f\u0131nabilir<\/td>\n<\/tr>\n<\/tbody>\n<\/table>\n","protected":false},"excerpt":{"rendered":"<p>MFK 7400 TEKN\u0130K \u00d6ZELL\u0130KLER Malzeme : Demir Geni\u015flik : 60 cm Uzunluk : 180 cm Y\u00fckseklik : 118 cm A\u011f\u0131rl\u0131k : 16.000 gr \u00b1 1000&#8230;<\/p>\n","protected":false},"featured_media":6491,"comment_status":"open","ping_status":"closed","template":"","meta":[],"product_cat":[89,70],"product_tag":[],"_links":{"self":[{"href":"https:\/\/ozturkiselbiseleri.com\/index.php?rest_route=\/wp\/v2\/product\/6490"}],"collection":[{"href":"https:\/\/ozturkiselbiseleri.com\/index.php?rest_route=\/wp\/v2\/product"}],"about":[{"href":"https:\/\/ozturkiselbiseleri.com\/index.php?rest_route=\/wp\/v2\/types\/product"}],"replies":[{"embeddable":true,"href":"https:\/\/ozturkiselbiseleri.com\/index.php?rest_route=%2Fwp%2Fv2%2Fcomments&post=6490"}],"wp:featuredmedia":[{"embeddable":true,"href":"https:\/\/ozturkiselbiseleri.com\/index.php?rest_route=\/wp\/v2\/media\/6491"}],"wp:attachment":[{"href":"https:\/\/ozturkiselbiseleri.com\/index.php?rest_route=%2Fwp%2Fv2%2Fmedia&parent=6490"}],"wp:term":[{"taxonomy":"product_cat","embeddable":true,"href":"https:\/\/ozturkiselbiseleri.com\/index.php?rest_route=%2Fwp%2Fv2%2Fproduct_cat&post=6490"},{"taxonomy":"product_tag","embeddable":true,"href":"https:\/\/ozturkiselbiseleri.com\/index.php?rest_route=%2Fwp%2Fv2%2Fproduct_tag&post=6490"}],"curies":[{"name":"wp","href":"https:\/\/api.w.org\/{rel}","templated":true}]}}