{"id":6492,"date":"2024-01-29T14:49:14","date_gmt":"2024-01-29T11:49:14","guid":{"rendered":"https:\/\/ozturkiselbiseleri.com\/?post_type=product&#038;p=6492"},"modified":"2024-01-29T14:49:14","modified_gmt":"2024-01-29T11:49:14","slug":"mfk-7500-emniyet-alan-perdesi","status":"publish","type":"product","link":"https:\/\/ozturkiselbiseleri.com\/?product=mfk-7500-emniyet-alan-perdesi","title":{"rendered":"MFK 7500 EMN\u0130YET ALAN PERDES\u0130"},"content":{"rendered":"<h2>MFK 7500 TEKN\u0130K \u00d6ZELL\u0130KLER<\/h2>\n<table width=\"255\">\n<tbody>\n<tr>\n<td width=\"64\">Malzeme<\/td>\n<td width=\"12\">:<\/td>\n<td width=\"179\">PE<\/td>\n<\/tr>\n<tr>\n<td>Geni\u015flik<\/td>\n<td>:<\/td>\n<td>cm<\/td>\n<\/tr>\n<tr>\n<td>Uzunluk<\/td>\n<td>:<\/td>\n<td>50 mt<\/td>\n<\/tr>\n<tr>\n<td>Y\u00fckseklik<\/td>\n<td>:<\/td>\n<td>100 cm<\/td>\n<\/tr>\n<tr>\n<td>A\u011f\u0131rl\u0131k<\/td>\n<td>:<\/td>\n<td>3750 gr<\/td>\n<\/tr>\n<tr>\n<td>Renk<\/td>\n<td>:<\/td>\n<td>Turuncu<\/td>\n<\/tr>\n<tr>\n<td>Montaj<\/td>\n<td>:<\/td>\n<td>Ta\u015f\u0131nabilir<\/td>\n<\/tr>\n<\/tbody>\n<\/table>\n","protected":false},"excerpt":{"rendered":"<p>MFK 7500 TEKN\u0130K \u00d6ZELL\u0130KLER Malzeme : PE Geni\u015flik : cm Uzunluk : 50 mt Y\u00fckseklik : 100 cm A\u011f\u0131rl\u0131k : 3750 gr Renk : Turuncu&#8230;<\/p>\n","protected":false},"featured_media":6493,"comment_status":"open","ping_status":"closed","template":"","meta":[],"product_cat":[89,70],"product_tag":[],"_links":{"self":[{"href":"https:\/\/ozturkiselbiseleri.com\/index.php?rest_route=\/wp\/v2\/product\/6492"}],"collection":[{"href":"https:\/\/ozturkiselbiseleri.com\/index.php?rest_route=\/wp\/v2\/product"}],"about":[{"href":"https:\/\/ozturkiselbiseleri.com\/index.php?rest_route=\/wp\/v2\/types\/product"}],"replies":[{"embeddable":true,"href":"https:\/\/ozturkiselbiseleri.com\/index.php?rest_route=%2Fwp%2Fv2%2Fcomments&post=6492"}],"wp:featuredmedia":[{"embeddable":true,"href":"https:\/\/ozturkiselbiseleri.com\/index.php?rest_route=\/wp\/v2\/media\/6493"}],"wp:attachment":[{"href":"https:\/\/ozturkiselbiseleri.com\/index.php?rest_route=%2Fwp%2Fv2%2Fmedia&parent=6492"}],"wp:term":[{"taxonomy":"product_cat","embeddable":true,"href":"https:\/\/ozturkiselbiseleri.com\/index.php?rest_route=%2Fwp%2Fv2%2Fproduct_cat&post=6492"},{"taxonomy":"product_tag","embeddable":true,"href":"https:\/\/ozturkiselbiseleri.com\/index.php?rest_route=%2Fwp%2Fv2%2Fproduct_tag&post=6492"}],"curies":[{"name":"wp","href":"https:\/\/api.w.org\/{rel}","templated":true}]}}