{"id":6502,"date":"2024-01-29T14:52:21","date_gmt":"2024-01-29T11:52:21","guid":{"rendered":"https:\/\/ozturkiselbiseleri.com\/?post_type=product&#038;p=6502"},"modified":"2024-01-29T14:52:22","modified_gmt":"2024-01-29T11:52:22","slug":"mfk-7153-panel-bariyer-150-cm-baskili-beyaz","status":"publish","type":"product","link":"https:\/\/ozturkiselbiseleri.com\/?product=mfk-7153-panel-bariyer-150-cm-baskili-beyaz","title":{"rendered":"MFK 7153 PANEL BAR\u0130YER 150 CM (BASKILI) BEYAZ"},"content":{"rendered":"<h2>MFK 7153 TEKN\u0130K \u00d6ZELL\u0130KLER<\/h2>\n<table width=\"291\">\n<tbody>\n<tr>\n<td width=\"64\">Malzeme<\/td>\n<td width=\"36\"><\/td>\n<td width=\"12\">:<\/td>\n<td width=\"179\">PPC, PVC<\/td>\n<\/tr>\n<tr>\n<td>Geni\u015flik<\/td>\n<td><\/td>\n<td>:<\/td>\n<td>5 cm<\/td>\n<\/tr>\n<tr>\n<td>Uzunluk<\/td>\n<td><\/td>\n<td>:<\/td>\n<td>150 cm<\/td>\n<\/tr>\n<tr>\n<td>Y\u00fckseklik<\/td>\n<td><\/td>\n<td>:<\/td>\n<td>100 cm<\/td>\n<\/tr>\n<tr>\n<td colspan=\"2\">Reflektif Say\u0131s\u0131<\/td>\n<td>:<\/td>\n<td>4 Adet<\/td>\n<\/tr>\n<tr>\n<td colspan=\"2\">Reflektif Tipi<\/td>\n<td>:<\/td>\n<td>Petekli<\/td>\n<\/tr>\n<tr>\n<td>A\u011f\u0131rl\u0131k<\/td>\n<td><\/td>\n<td>:<\/td>\n<td>13.000 gr \u00b1 1000 gr<\/td>\n<\/tr>\n<tr>\n<td>Renk<\/td>\n<td><\/td>\n<td>:<\/td>\n<td>Beyaz<\/td>\n<\/tr>\n<tr>\n<td>Montaj<\/td>\n<td><\/td>\n<td>:<\/td>\n<td>Montaj<\/td>\n<\/tr>\n<\/tbody>\n<\/table>\n","protected":false},"excerpt":{"rendered":"<p>MFK 7153 TEKN\u0130K \u00d6ZELL\u0130KLER Malzeme : PPC, PVC Geni\u015flik : 5 cm Uzunluk : 150 cm Y\u00fckseklik : 100 cm Reflektif Say\u0131s\u0131 : 4 Adet&#8230;<\/p>\n","protected":false},"featured_media":6503,"comment_status":"open","ping_status":"closed","template":"","meta":[],"product_cat":[89,70],"product_tag":[],"_links":{"self":[{"href":"https:\/\/ozturkiselbiseleri.com\/index.php?rest_route=\/wp\/v2\/product\/6502"}],"collection":[{"href":"https:\/\/ozturkiselbiseleri.com\/index.php?rest_route=\/wp\/v2\/product"}],"about":[{"href":"https:\/\/ozturkiselbiseleri.com\/index.php?rest_route=\/wp\/v2\/types\/product"}],"replies":[{"embeddable":true,"href":"https:\/\/ozturkiselbiseleri.com\/index.php?rest_route=%2Fwp%2Fv2%2Fcomments&post=6502"}],"wp:featuredmedia":[{"embeddable":true,"href":"https:\/\/ozturkiselbiseleri.com\/index.php?rest_route=\/wp\/v2\/media\/6503"}],"wp:attachment":[{"href":"https:\/\/ozturkiselbiseleri.com\/index.php?rest_route=%2Fwp%2Fv2%2Fmedia&parent=6502"}],"wp:term":[{"taxonomy":"product_cat","embeddable":true,"href":"https:\/\/ozturkiselbiseleri.com\/index.php?rest_route=%2Fwp%2Fv2%2Fproduct_cat&post=6502"},{"taxonomy":"product_tag","embeddable":true,"href":"https:\/\/ozturkiselbiseleri.com\/index.php?rest_route=%2Fwp%2Fv2%2Fproduct_tag&post=6502"}],"curies":[{"name":"wp","href":"https:\/\/api.w.org\/{rel}","templated":true}]}}