{"id":6518,"date":"2024-01-29T14:57:54","date_gmt":"2024-01-29T11:57:54","guid":{"rendered":"https:\/\/ozturkiselbiseleri.com\/?post_type=product&#038;p=6518"},"modified":"2024-01-29T14:57:54","modified_gmt":"2024-01-29T11:57:54","slug":"mfk-8120-sari-siyah-ikaz-seridi-200-metre","status":"publish","type":"product","link":"https:\/\/ozturkiselbiseleri.com\/?product=mfk-8120-sari-siyah-ikaz-seridi-200-metre","title":{"rendered":"MFK 8120 SARI S\u0130YAH \u0130KAZ \u015eER\u0130D\u0130 (200 METRE)"},"content":{"rendered":"<h2>MFK 8120 TEKN\u0130K \u00d6ZELL\u0130KLER<\/h2>\n<p>Malzeme : PVC<\/p>\n<p>\u00d6l\u00e7\u00fcler : 150 mt<\/p>\n<p>Renk : Sar\u0131 &#8211; Siyah<\/p>\n<p>Geni\u015flik : 7 cm<\/p>\n","protected":false},"excerpt":{"rendered":"<p>MFK 8120 TEKN\u0130K \u00d6ZELL\u0130KLER Malzeme : PVC \u00d6l\u00e7\u00fcler : 150 mt Renk : Sar\u0131 &#8211; Siyah Geni\u015flik : 7 cm<\/p>\n","protected":false},"featured_media":6519,"comment_status":"open","ping_status":"closed","template":"","meta":[],"product_cat":[90,70],"product_tag":[],"_links":{"self":[{"href":"https:\/\/ozturkiselbiseleri.com\/index.php?rest_route=\/wp\/v2\/product\/6518"}],"collection":[{"href":"https:\/\/ozturkiselbiseleri.com\/index.php?rest_route=\/wp\/v2\/product"}],"about":[{"href":"https:\/\/ozturkiselbiseleri.com\/index.php?rest_route=\/wp\/v2\/types\/product"}],"replies":[{"embeddable":true,"href":"https:\/\/ozturkiselbiseleri.com\/index.php?rest_route=%2Fwp%2Fv2%2Fcomments&post=6518"}],"wp:featuredmedia":[{"embeddable":true,"href":"https:\/\/ozturkiselbiseleri.com\/index.php?rest_route=\/wp\/v2\/media\/6519"}],"wp:attachment":[{"href":"https:\/\/ozturkiselbiseleri.com\/index.php?rest_route=%2Fwp%2Fv2%2Fmedia&parent=6518"}],"wp:term":[{"taxonomy":"product_cat","embeddable":true,"href":"https:\/\/ozturkiselbiseleri.com\/index.php?rest_route=%2Fwp%2Fv2%2Fproduct_cat&post=6518"},{"taxonomy":"product_tag","embeddable":true,"href":"https:\/\/ozturkiselbiseleri.com\/index.php?rest_route=%2Fwp%2Fv2%2Fproduct_tag&post=6518"}],"curies":[{"name":"wp","href":"https:\/\/api.w.org\/{rel}","templated":true}]}}