{"id":6520,"date":"2024-01-29T14:58:36","date_gmt":"2024-01-29T11:58:36","guid":{"rendered":"https:\/\/ozturkiselbiseleri.com\/?post_type=product&#038;p=6520"},"modified":"2024-01-29T14:58:36","modified_gmt":"2024-01-29T11:58:36","slug":"mfk-8150-sari-siyah-ikaz-seridi-500-metre","status":"publish","type":"product","link":"https:\/\/ozturkiselbiseleri.com\/?product=mfk-8150-sari-siyah-ikaz-seridi-500-metre","title":{"rendered":"MFK 8150 SARI S\u0130YAH \u0130KAZ \u015eER\u0130D\u0130 (500 METRE)"},"content":{"rendered":"<h2>MFK 8150 TEKN\u0130K \u00d6ZELL\u0130KLER<\/h2>\n<p>Malzeme : PVC<\/p>\n<p>\u00d6l\u00e7\u00fcler : 500 mt<\/p>\n<p>Renk : Sar\u0131 &#8211; Siyah<\/p>\n<p>Geni\u015flik : 7 cm<\/p>\n","protected":false},"excerpt":{"rendered":"<p>MFK 8150 TEKN\u0130K \u00d6ZELL\u0130KLER Malzeme : PVC \u00d6l\u00e7\u00fcler : 500 mt Renk : Sar\u0131 &#8211; Siyah Geni\u015flik : 7 cm<\/p>\n","protected":false},"featured_media":6521,"comment_status":"open","ping_status":"closed","template":"","meta":[],"product_cat":[90,70],"product_tag":[],"_links":{"self":[{"href":"https:\/\/ozturkiselbiseleri.com\/index.php?rest_route=\/wp\/v2\/product\/6520"}],"collection":[{"href":"https:\/\/ozturkiselbiseleri.com\/index.php?rest_route=\/wp\/v2\/product"}],"about":[{"href":"https:\/\/ozturkiselbiseleri.com\/index.php?rest_route=\/wp\/v2\/types\/product"}],"replies":[{"embeddable":true,"href":"https:\/\/ozturkiselbiseleri.com\/index.php?rest_route=%2Fwp%2Fv2%2Fcomments&post=6520"}],"wp:featuredmedia":[{"embeddable":true,"href":"https:\/\/ozturkiselbiseleri.com\/index.php?rest_route=\/wp\/v2\/media\/6521"}],"wp:attachment":[{"href":"https:\/\/ozturkiselbiseleri.com\/index.php?rest_route=%2Fwp%2Fv2%2Fmedia&parent=6520"}],"wp:term":[{"taxonomy":"product_cat","embeddable":true,"href":"https:\/\/ozturkiselbiseleri.com\/index.php?rest_route=%2Fwp%2Fv2%2Fproduct_cat&post=6520"},{"taxonomy":"product_tag","embeddable":true,"href":"https:\/\/ozturkiselbiseleri.com\/index.php?rest_route=%2Fwp%2Fv2%2Fproduct_tag&post=6520"}],"curies":[{"name":"wp","href":"https:\/\/api.w.org\/{rel}","templated":true}]}}