{"id":6528,"date":"2024-01-29T15:01:15","date_gmt":"2024-01-29T12:01:15","guid":{"rendered":"https:\/\/ozturkiselbiseleri.com\/?post_type=product&#038;p=6528"},"modified":"2024-01-29T15:01:15","modified_gmt":"2024-01-29T12:01:15","slug":"mfk-8315-kaydirmaz-bant-25-metre-5-cm","status":"publish","type":"product","link":"https:\/\/ozturkiselbiseleri.com\/?product=mfk-8315-kaydirmaz-bant-25-metre-5-cm","title":{"rendered":"MFK 8315 KAYDIRMAZ BANT (25 METRE 5 CM)"},"content":{"rendered":"<h2>MFK 8315 TEKN\u0130K \u00d6ZELL\u0130KLER<\/h2>\n<p>Uzunluk : 25 mt<\/p>\n<p>Geni\u015flik : 5 cm<\/p>\n","protected":false},"excerpt":{"rendered":"<p>MFK 8315 TEKN\u0130K \u00d6ZELL\u0130KLER Uzunluk : 25 mt Geni\u015flik : 5 cm<\/p>\n","protected":false},"featured_media":6529,"comment_status":"open","ping_status":"closed","template":"","meta":[],"product_cat":[90,70],"product_tag":[],"_links":{"self":[{"href":"https:\/\/ozturkiselbiseleri.com\/index.php?rest_route=\/wp\/v2\/product\/6528"}],"collection":[{"href":"https:\/\/ozturkiselbiseleri.com\/index.php?rest_route=\/wp\/v2\/product"}],"about":[{"href":"https:\/\/ozturkiselbiseleri.com\/index.php?rest_route=\/wp\/v2\/types\/product"}],"replies":[{"embeddable":true,"href":"https:\/\/ozturkiselbiseleri.com\/index.php?rest_route=%2Fwp%2Fv2%2Fcomments&post=6528"}],"wp:featuredmedia":[{"embeddable":true,"href":"https:\/\/ozturkiselbiseleri.com\/index.php?rest_route=\/wp\/v2\/media\/6529"}],"wp:attachment":[{"href":"https:\/\/ozturkiselbiseleri.com\/index.php?rest_route=%2Fwp%2Fv2%2Fmedia&parent=6528"}],"wp:term":[{"taxonomy":"product_cat","embeddable":true,"href":"https:\/\/ozturkiselbiseleri.com\/index.php?rest_route=%2Fwp%2Fv2%2Fproduct_cat&post=6528"},{"taxonomy":"product_tag","embeddable":true,"href":"https:\/\/ozturkiselbiseleri.com\/index.php?rest_route=%2Fwp%2Fv2%2Fproduct_tag&post=6528"}],"curies":[{"name":"wp","href":"https:\/\/api.w.org\/{rel}","templated":true}]}}