{"id":6530,"date":"2024-01-29T15:01:56","date_gmt":"2024-01-29T12:01:56","guid":{"rendered":"https:\/\/ozturkiselbiseleri.com\/?post_type=product&#038;p=6530"},"modified":"2024-01-29T15:01:56","modified_gmt":"2024-01-29T12:01:56","slug":"mfk-8200-yer-isaretleme-bantlari-5-cm","status":"publish","type":"product","link":"https:\/\/ozturkiselbiseleri.com\/?product=mfk-8200-yer-isaretleme-bantlari-5-cm","title":{"rendered":"MFK 8200 YER \u0130\u015eARETLEME BANTLARI (5 CM)"},"content":{"rendered":"<h2>MFK 8200 TEKN\u0130K \u00d6ZELL\u0130KLER<\/h2>\n<p>Uzunluk : 30 mt<\/p>\n<p>Geni\u015flik : 5 cm<\/p>\n<p>8200\/A Sar\u0131<\/p>\n<p>8200\/B Lacivert<\/p>\n<p>8200\/C K\u0131rm\u0131z\u0131<\/p>\n<p>8200\/D Beyaz<\/p>\n<p>8200\/E Ye\u015fil<\/p>\n<p>8200\/F K\u0131rm\u0131z\u0131-Beyaz<\/p>\n<p>8200\/G Sar\u0131-Siyah<\/p>\n<p>8200\/H Turuncu<\/p>\n","protected":false},"excerpt":{"rendered":"<p>MFK 8200 TEKN\u0130K \u00d6ZELL\u0130KLER Uzunluk : 30 mt Geni\u015flik : 5 cm 8200\/A Sar\u0131 8200\/B Lacivert 8200\/C K\u0131rm\u0131z\u0131 8200\/D Beyaz 8200\/E Ye\u015fil 8200\/F K\u0131rm\u0131z\u0131-Beyaz 8200\/G&#8230;<\/p>\n","protected":false},"featured_media":6531,"comment_status":"open","ping_status":"closed","template":"","meta":[],"product_cat":[90,70],"product_tag":[],"_links":{"self":[{"href":"https:\/\/ozturkiselbiseleri.com\/index.php?rest_route=\/wp\/v2\/product\/6530"}],"collection":[{"href":"https:\/\/ozturkiselbiseleri.com\/index.php?rest_route=\/wp\/v2\/product"}],"about":[{"href":"https:\/\/ozturkiselbiseleri.com\/index.php?rest_route=\/wp\/v2\/types\/product"}],"replies":[{"embeddable":true,"href":"https:\/\/ozturkiselbiseleri.com\/index.php?rest_route=%2Fwp%2Fv2%2Fcomments&post=6530"}],"wp:featuredmedia":[{"embeddable":true,"href":"https:\/\/ozturkiselbiseleri.com\/index.php?rest_route=\/wp\/v2\/media\/6531"}],"wp:attachment":[{"href":"https:\/\/ozturkiselbiseleri.com\/index.php?rest_route=%2Fwp%2Fv2%2Fmedia&parent=6530"}],"wp:term":[{"taxonomy":"product_cat","embeddable":true,"href":"https:\/\/ozturkiselbiseleri.com\/index.php?rest_route=%2Fwp%2Fv2%2Fproduct_cat&post=6530"},{"taxonomy":"product_tag","embeddable":true,"href":"https:\/\/ozturkiselbiseleri.com\/index.php?rest_route=%2Fwp%2Fv2%2Fproduct_tag&post=6530"}],"curies":[{"name":"wp","href":"https:\/\/api.w.org\/{rel}","templated":true}]}}