{"id":6534,"date":"2024-01-29T15:02:53","date_gmt":"2024-01-29T12:02:53","guid":{"rendered":"https:\/\/ozturkiselbiseleri.com\/?post_type=product&#038;p=6534"},"modified":"2024-01-29T15:02:53","modified_gmt":"2024-01-29T12:02:53","slug":"mfk-8401-kirmizi-beyaz-reflektif-bant-5-cm","status":"publish","type":"product","link":"https:\/\/ozturkiselbiseleri.com\/?product=mfk-8401-kirmizi-beyaz-reflektif-bant-5-cm","title":{"rendered":"MFK 8401 KIRMIZI BEYAZ REFLEKT\u0130F BANT (5 CM)"},"content":{"rendered":"<h2>MFK 8401 TEKN\u0130K \u00d6ZELL\u0130KLER<\/h2>\n<p>Uzunluk : 46 mt<\/p>\n<p>Geni\u015flik : 5 cm<\/p>\n<p>Renk : K\u0131rm\u0131z\u0131+Beyaz<\/p>\n","protected":false},"excerpt":{"rendered":"<p>MFK 8401 TEKN\u0130K \u00d6ZELL\u0130KLER Uzunluk : 46 mt Geni\u015flik : 5 cm Renk : K\u0131rm\u0131z\u0131+Beyaz<\/p>\n","protected":false},"featured_media":6535,"comment_status":"open","ping_status":"closed","template":"","meta":[],"product_cat":[90,70],"product_tag":[],"_links":{"self":[{"href":"https:\/\/ozturkiselbiseleri.com\/index.php?rest_route=\/wp\/v2\/product\/6534"}],"collection":[{"href":"https:\/\/ozturkiselbiseleri.com\/index.php?rest_route=\/wp\/v2\/product"}],"about":[{"href":"https:\/\/ozturkiselbiseleri.com\/index.php?rest_route=\/wp\/v2\/types\/product"}],"replies":[{"embeddable":true,"href":"https:\/\/ozturkiselbiseleri.com\/index.php?rest_route=%2Fwp%2Fv2%2Fcomments&post=6534"}],"wp:featuredmedia":[{"embeddable":true,"href":"https:\/\/ozturkiselbiseleri.com\/index.php?rest_route=\/wp\/v2\/media\/6535"}],"wp:attachment":[{"href":"https:\/\/ozturkiselbiseleri.com\/index.php?rest_route=%2Fwp%2Fv2%2Fmedia&parent=6534"}],"wp:term":[{"taxonomy":"product_cat","embeddable":true,"href":"https:\/\/ozturkiselbiseleri.com\/index.php?rest_route=%2Fwp%2Fv2%2Fproduct_cat&post=6534"},{"taxonomy":"product_tag","embeddable":true,"href":"https:\/\/ozturkiselbiseleri.com\/index.php?rest_route=%2Fwp%2Fv2%2Fproduct_tag&post=6534"}],"curies":[{"name":"wp","href":"https:\/\/api.w.org\/{rel}","templated":true}]}}