{"id":6542,"date":"2024-01-29T15:05:02","date_gmt":"2024-01-29T12:05:02","guid":{"rendered":"https:\/\/ozturkiselbiseleri.com\/?post_type=product&#038;p=6542"},"modified":"2024-01-29T15:05:02","modified_gmt":"2024-01-29T12:05:02","slug":"mfk-8405-beyaz-petekli-reflektif-bant-5-cm","status":"publish","type":"product","link":"https:\/\/ozturkiselbiseleri.com\/?product=mfk-8405-beyaz-petekli-reflektif-bant-5-cm","title":{"rendered":"MFK 8405 BEYAZ PETEKL\u0130 REFLEKT\u0130F BANT (5 CM)"},"content":{"rendered":"<h2>MFK 8405 TEKN\u0130K \u00d6ZELL\u0130KLER<\/h2>\n<p>Uzunluk : 46 mt<\/p>\n<p>Geni\u015flik : 5 cm<\/p>\n<p>Renk : Beyaz Petekli<\/p>\n","protected":false},"excerpt":{"rendered":"<p>MFK 8405 TEKN\u0130K \u00d6ZELL\u0130KLER Uzunluk : 46 mt Geni\u015flik : 5 cm Renk : Beyaz Petekli<\/p>\n","protected":false},"featured_media":6543,"comment_status":"open","ping_status":"closed","template":"","meta":[],"product_cat":[90,70],"product_tag":[],"_links":{"self":[{"href":"https:\/\/ozturkiselbiseleri.com\/index.php?rest_route=\/wp\/v2\/product\/6542"}],"collection":[{"href":"https:\/\/ozturkiselbiseleri.com\/index.php?rest_route=\/wp\/v2\/product"}],"about":[{"href":"https:\/\/ozturkiselbiseleri.com\/index.php?rest_route=\/wp\/v2\/types\/product"}],"replies":[{"embeddable":true,"href":"https:\/\/ozturkiselbiseleri.com\/index.php?rest_route=%2Fwp%2Fv2%2Fcomments&post=6542"}],"wp:featuredmedia":[{"embeddable":true,"href":"https:\/\/ozturkiselbiseleri.com\/index.php?rest_route=\/wp\/v2\/media\/6543"}],"wp:attachment":[{"href":"https:\/\/ozturkiselbiseleri.com\/index.php?rest_route=%2Fwp%2Fv2%2Fmedia&parent=6542"}],"wp:term":[{"taxonomy":"product_cat","embeddable":true,"href":"https:\/\/ozturkiselbiseleri.com\/index.php?rest_route=%2Fwp%2Fv2%2Fproduct_cat&post=6542"},{"taxonomy":"product_tag","embeddable":true,"href":"https:\/\/ozturkiselbiseleri.com\/index.php?rest_route=%2Fwp%2Fv2%2Fproduct_tag&post=6542"}],"curies":[{"name":"wp","href":"https:\/\/api.w.org\/{rel}","templated":true}]}}