{"id":6550,"date":"2024-01-29T15:07:18","date_gmt":"2024-01-29T12:07:18","guid":{"rendered":"https:\/\/ozturkiselbiseleri.com\/?post_type=product&#038;p=6550"},"modified":"2024-01-29T15:07:19","modified_gmt":"2024-01-29T12:07:19","slug":"mfk-8409-beyaz-petekli-reflektif-bant-10-cm","status":"publish","type":"product","link":"https:\/\/ozturkiselbiseleri.com\/?product=mfk-8409-beyaz-petekli-reflektif-bant-10-cm","title":{"rendered":"MFK 8409  BEYAZ PETEKL\u0130 REFLEKT\u0130F BANT (10 CM)"},"content":{"rendered":"<h2>MFK 8409 TEKN\u0130K \u00d6ZELL\u0130KLER<\/h2>\n<p>Uzunluk : 46 mt<\/p>\n<p>Geni\u015flik : 10 cm<\/p>\n<p>Renk : Beyaz Petekli<\/p>\n","protected":false},"excerpt":{"rendered":"<p>MFK 8409 TEKN\u0130K \u00d6ZELL\u0130KLER Uzunluk : 46 mt Geni\u015flik : 10 cm Renk : Beyaz Petekli<\/p>\n","protected":false},"featured_media":6551,"comment_status":"open","ping_status":"closed","template":"","meta":[],"product_cat":[90,70],"product_tag":[],"_links":{"self":[{"href":"https:\/\/ozturkiselbiseleri.com\/index.php?rest_route=\/wp\/v2\/product\/6550"}],"collection":[{"href":"https:\/\/ozturkiselbiseleri.com\/index.php?rest_route=\/wp\/v2\/product"}],"about":[{"href":"https:\/\/ozturkiselbiseleri.com\/index.php?rest_route=\/wp\/v2\/types\/product"}],"replies":[{"embeddable":true,"href":"https:\/\/ozturkiselbiseleri.com\/index.php?rest_route=%2Fwp%2Fv2%2Fcomments&post=6550"}],"wp:featuredmedia":[{"embeddable":true,"href":"https:\/\/ozturkiselbiseleri.com\/index.php?rest_route=\/wp\/v2\/media\/6551"}],"wp:attachment":[{"href":"https:\/\/ozturkiselbiseleri.com\/index.php?rest_route=%2Fwp%2Fv2%2Fmedia&parent=6550"}],"wp:term":[{"taxonomy":"product_cat","embeddable":true,"href":"https:\/\/ozturkiselbiseleri.com\/index.php?rest_route=%2Fwp%2Fv2%2Fproduct_cat&post=6550"},{"taxonomy":"product_tag","embeddable":true,"href":"https:\/\/ozturkiselbiseleri.com\/index.php?rest_route=%2Fwp%2Fv2%2Fproduct_tag&post=6550"}],"curies":[{"name":"wp","href":"https:\/\/api.w.org\/{rel}","templated":true}]}}