{"id":6552,"date":"2024-01-29T15:07:53","date_gmt":"2024-01-29T12:07:53","guid":{"rendered":"https:\/\/ozturkiselbiseleri.com\/?post_type=product&#038;p=6552"},"modified":"2024-01-29T15:07:53","modified_gmt":"2024-01-29T12:07:53","slug":"mfk-8410-sari-petekli-reflektif-bant-10-cm","status":"publish","type":"product","link":"https:\/\/ozturkiselbiseleri.com\/?product=mfk-8410-sari-petekli-reflektif-bant-10-cm","title":{"rendered":"MFK 8410 SARI PETEKL\u0130 REFLEKT\u0130F BANT (10 CM)"},"content":{"rendered":"<h2>MFK 8410 TEKN\u0130K \u00d6ZELL\u0130KLER<\/h2>\n<p>Uzunluk : 46 mt<\/p>\n<p>Geni\u015flik : 10 cm<\/p>\n<p>Renk : Sar\u0131 Petekli<\/p>\n","protected":false},"excerpt":{"rendered":"<p>MFK 8410 TEKN\u0130K \u00d6ZELL\u0130KLER Uzunluk : 46 mt Geni\u015flik : 10 cm Renk : Sar\u0131 Petekli<\/p>\n","protected":false},"featured_media":6553,"comment_status":"open","ping_status":"closed","template":"","meta":[],"product_cat":[90,70],"product_tag":[],"_links":{"self":[{"href":"https:\/\/ozturkiselbiseleri.com\/index.php?rest_route=\/wp\/v2\/product\/6552"}],"collection":[{"href":"https:\/\/ozturkiselbiseleri.com\/index.php?rest_route=\/wp\/v2\/product"}],"about":[{"href":"https:\/\/ozturkiselbiseleri.com\/index.php?rest_route=\/wp\/v2\/types\/product"}],"replies":[{"embeddable":true,"href":"https:\/\/ozturkiselbiseleri.com\/index.php?rest_route=%2Fwp%2Fv2%2Fcomments&post=6552"}],"wp:featuredmedia":[{"embeddable":true,"href":"https:\/\/ozturkiselbiseleri.com\/index.php?rest_route=\/wp\/v2\/media\/6553"}],"wp:attachment":[{"href":"https:\/\/ozturkiselbiseleri.com\/index.php?rest_route=%2Fwp%2Fv2%2Fmedia&parent=6552"}],"wp:term":[{"taxonomy":"product_cat","embeddable":true,"href":"https:\/\/ozturkiselbiseleri.com\/index.php?rest_route=%2Fwp%2Fv2%2Fproduct_cat&post=6552"},{"taxonomy":"product_tag","embeddable":true,"href":"https:\/\/ozturkiselbiseleri.com\/index.php?rest_route=%2Fwp%2Fv2%2Fproduct_tag&post=6552"}],"curies":[{"name":"wp","href":"https:\/\/api.w.org\/{rel}","templated":true}]}}