{"id":6562,"date":"2024-01-29T15:10:42","date_gmt":"2024-01-29T12:10:42","guid":{"rendered":"https:\/\/ozturkiselbiseleri.com\/?post_type=product&#038;p=6562"},"modified":"2024-01-29T15:10:42","modified_gmt":"2024-01-29T12:10:42","slug":"mfk-8415-metalize-onayli-reflektif-ece-104","status":"publish","type":"product","link":"https:\/\/ozturkiselbiseleri.com\/?product=mfk-8415-metalize-onayli-reflektif-ece-104","title":{"rendered":"MFK 8415 METAL\u0130ZE ONAYLI REFLEKT\u0130F (ECE 104)"},"content":{"rendered":"<h2>MFK 8415 TEKN\u0130K \u00d6ZELL\u0130KLER<\/h2>\n<p><strong>\u00d6l\u00e7\u00fc :<\/strong>\u00a046 metre x 5 cm<\/p>\n","protected":false},"excerpt":{"rendered":"<p>MFK 8415 TEKN\u0130K \u00d6ZELL\u0130KLER \u00d6l\u00e7\u00fc :\u00a046 metre x 5 cm<\/p>\n","protected":false},"featured_media":6563,"comment_status":"open","ping_status":"closed","template":"","meta":[],"product_cat":[90,70],"product_tag":[],"_links":{"self":[{"href":"https:\/\/ozturkiselbiseleri.com\/index.php?rest_route=\/wp\/v2\/product\/6562"}],"collection":[{"href":"https:\/\/ozturkiselbiseleri.com\/index.php?rest_route=\/wp\/v2\/product"}],"about":[{"href":"https:\/\/ozturkiselbiseleri.com\/index.php?rest_route=\/wp\/v2\/types\/product"}],"replies":[{"embeddable":true,"href":"https:\/\/ozturkiselbiseleri.com\/index.php?rest_route=%2Fwp%2Fv2%2Fcomments&post=6562"}],"wp:featuredmedia":[{"embeddable":true,"href":"https:\/\/ozturkiselbiseleri.com\/index.php?rest_route=\/wp\/v2\/media\/6563"}],"wp:attachment":[{"href":"https:\/\/ozturkiselbiseleri.com\/index.php?rest_route=%2Fwp%2Fv2%2Fmedia&parent=6562"}],"wp:term":[{"taxonomy":"product_cat","embeddable":true,"href":"https:\/\/ozturkiselbiseleri.com\/index.php?rest_route=%2Fwp%2Fv2%2Fproduct_cat&post=6562"},{"taxonomy":"product_tag","embeddable":true,"href":"https:\/\/ozturkiselbiseleri.com\/index.php?rest_route=%2Fwp%2Fv2%2Fproduct_tag&post=6562"}],"curies":[{"name":"wp","href":"https:\/\/api.w.org\/{rel}","templated":true}]}}