{"id":6570,"date":"2024-01-29T15:14:54","date_gmt":"2024-01-29T12:14:54","guid":{"rendered":"https:\/\/ozturkiselbiseleri.com\/?post_type=product&#038;p=6570"},"modified":"2024-01-29T15:14:54","modified_gmt":"2024-01-29T12:14:54","slug":"mfk-9000-uyari-tabelasi","status":"publish","type":"product","link":"https:\/\/ozturkiselbiseleri.com\/?product=mfk-9000-uyari-tabelasi","title":{"rendered":"MFK 9000 UYARI TABELASI"},"content":{"rendered":"<h2>MFK 9000 TEKN\u0130K \u00d6ZELL\u0130KLER<\/h2>\n<p>Malzeme : PP<\/p>\n<p>Geni\u015flik : 160&#215;750 mm<\/p>\n<p>Renk : Beyaz<\/p>\n<p>A\u011f\u0131rl\u0131k : 600 gr<\/p>\n","protected":false},"excerpt":{"rendered":"<p>MFK 9000 TEKN\u0130K \u00d6ZELL\u0130KLER Malzeme : PP Geni\u015flik : 160&#215;750 mm Renk : Beyaz A\u011f\u0131rl\u0131k : 600 gr<\/p>\n","protected":false},"featured_media":6571,"comment_status":"open","ping_status":"closed","template":"","meta":[],"product_cat":[91,70],"product_tag":[],"_links":{"self":[{"href":"https:\/\/ozturkiselbiseleri.com\/index.php?rest_route=\/wp\/v2\/product\/6570"}],"collection":[{"href":"https:\/\/ozturkiselbiseleri.com\/index.php?rest_route=\/wp\/v2\/product"}],"about":[{"href":"https:\/\/ozturkiselbiseleri.com\/index.php?rest_route=\/wp\/v2\/types\/product"}],"replies":[{"embeddable":true,"href":"https:\/\/ozturkiselbiseleri.com\/index.php?rest_route=%2Fwp%2Fv2%2Fcomments&post=6570"}],"wp:featuredmedia":[{"embeddable":true,"href":"https:\/\/ozturkiselbiseleri.com\/index.php?rest_route=\/wp\/v2\/media\/6571"}],"wp:attachment":[{"href":"https:\/\/ozturkiselbiseleri.com\/index.php?rest_route=%2Fwp%2Fv2%2Fmedia&parent=6570"}],"wp:term":[{"taxonomy":"product_cat","embeddable":true,"href":"https:\/\/ozturkiselbiseleri.com\/index.php?rest_route=%2Fwp%2Fv2%2Fproduct_cat&post=6570"},{"taxonomy":"product_tag","embeddable":true,"href":"https:\/\/ozturkiselbiseleri.com\/index.php?rest_route=%2Fwp%2Fv2%2Fproduct_tag&post=6570"}],"curies":[{"name":"wp","href":"https:\/\/api.w.org\/{rel}","templated":true}]}}