{"id":6580,"date":"2024-01-29T15:20:37","date_gmt":"2024-01-29T12:20:37","guid":{"rendered":"https:\/\/ozturkiselbiseleri.com\/?post_type=product&#038;p=6580"},"modified":"2024-01-29T15:20:37","modified_gmt":"2024-01-29T12:20:37","slug":"mfk-4201-kaygan-zemin-tabelasi","status":"publish","type":"product","link":"https:\/\/ozturkiselbiseleri.com\/?product=mfk-4201-kaygan-zemin-tabelasi","title":{"rendered":"MFK 4201 KAYGAN ZEM\u0130N TABELASI"},"content":{"rendered":"<h2>MFK 4201 TEKN\u0130K \u00d6ZELL\u0130KLER<\/h2>\n<table width=\"277\">\n<tbody>\n<tr>\n<td width=\"86\">Malzeme<\/td>\n<td width=\"12\">:<\/td>\n<td width=\"179\">PPC<\/td>\n<\/tr>\n<tr>\n<td>Kapal\u0131 \u00d6l\u00e7\u00fc<\/td>\n<td>:<\/td>\n<td>2,5 cm<\/td>\n<\/tr>\n<tr>\n<td>Bask\u0131 Alan\u0131<\/td>\n<td>:<\/td>\n<td>37&#215;23 cm<\/td>\n<\/tr>\n<tr>\n<td>En<\/td>\n<td>:<\/td>\n<td>26 cm<\/td>\n<\/tr>\n<tr>\n<td>Y\u00fckseklik<\/td>\n<td>:<\/td>\n<td>65 cm<\/td>\n<\/tr>\n<tr>\n<td>A\u011f\u0131rl\u0131k<\/td>\n<td>:<\/td>\n<td>800 gr \u00b1 100 gr<\/td>\n<\/tr>\n<tr>\n<td>Renk<\/td>\n<td>:<\/td>\n<td>Sar\u0131<\/td>\n<\/tr>\n<tr>\n<td>Reflektif<\/td>\n<td>:<\/td>\n<td>8 Adet Kedi G\u00f6z\u00fc<\/td>\n<\/tr>\n<tr>\n<td>Montaj<\/td>\n<td>:<\/td>\n<td>Ta\u015f\u0131nabilir<\/td>\n<\/tr>\n<\/tbody>\n<\/table>\n","protected":false},"excerpt":{"rendered":"<p>MFK 4201 TEKN\u0130K \u00d6ZELL\u0130KLER Malzeme : PPC Kapal\u0131 \u00d6l\u00e7\u00fc : 2,5 cm Bask\u0131 Alan\u0131 : 37&#215;23 cm En : 26 cm Y\u00fckseklik : 65 cm&#8230;<\/p>\n","protected":false},"featured_media":6581,"comment_status":"open","ping_status":"closed","template":"","meta":[],"product_cat":[91,70],"product_tag":[],"_links":{"self":[{"href":"https:\/\/ozturkiselbiseleri.com\/index.php?rest_route=\/wp\/v2\/product\/6580"}],"collection":[{"href":"https:\/\/ozturkiselbiseleri.com\/index.php?rest_route=\/wp\/v2\/product"}],"about":[{"href":"https:\/\/ozturkiselbiseleri.com\/index.php?rest_route=\/wp\/v2\/types\/product"}],"replies":[{"embeddable":true,"href":"https:\/\/ozturkiselbiseleri.com\/index.php?rest_route=%2Fwp%2Fv2%2Fcomments&post=6580"}],"wp:featuredmedia":[{"embeddable":true,"href":"https:\/\/ozturkiselbiseleri.com\/index.php?rest_route=\/wp\/v2\/media\/6581"}],"wp:attachment":[{"href":"https:\/\/ozturkiselbiseleri.com\/index.php?rest_route=%2Fwp%2Fv2%2Fmedia&parent=6580"}],"wp:term":[{"taxonomy":"product_cat","embeddable":true,"href":"https:\/\/ozturkiselbiseleri.com\/index.php?rest_route=%2Fwp%2Fv2%2Fproduct_cat&post=6580"},{"taxonomy":"product_tag","embeddable":true,"href":"https:\/\/ozturkiselbiseleri.com\/index.php?rest_route=%2Fwp%2Fv2%2Fproduct_tag&post=6580"}],"curies":[{"name":"wp","href":"https:\/\/api.w.org\/{rel}","templated":true}]}}