{"id":6597,"date":"2024-01-29T15:28:44","date_gmt":"2024-01-29T12:28:44","guid":{"rendered":"https:\/\/ozturkiselbiseleri.com\/?post_type=product&#038;p=6597"},"modified":"2024-01-29T15:28:44","modified_gmt":"2024-01-29T12:28:44","slug":"mfk-9107-sola-mecburi-yon-tabelasi-cift-tarafli","status":"publish","type":"product","link":"https:\/\/ozturkiselbiseleri.com\/?product=mfk-9107-sola-mecburi-yon-tabelasi-cift-tarafli","title":{"rendered":"MFK 9107 SOLA MECBUR\u0130 Y\u00d6N TABELASI (\u00c7\u0130FT TARAFLI)"},"content":{"rendered":"<h2>MFK 9107 TEKN\u0130K \u00d6ZELL\u0130KLER<\/h2>\n<p>Malzeme : PP<\/p>\n<p>Geni\u015flik : 280&#215;390 mm<\/p>\n<p>Renk : Beyaz<\/p>\n<p>A\u011f\u0131rl\u0131k : 240 Gr \u00b1 20 Gr<\/p>\n","protected":false},"excerpt":{"rendered":"<p>MFK 9107 TEKN\u0130K \u00d6ZELL\u0130KLER Malzeme : PP Geni\u015flik : 280&#215;390 mm Renk : Beyaz A\u011f\u0131rl\u0131k : 240 Gr \u00b1 20 Gr<\/p>\n","protected":false},"featured_media":6596,"comment_status":"open","ping_status":"closed","template":"","meta":[],"product_cat":[91,70],"product_tag":[],"_links":{"self":[{"href":"https:\/\/ozturkiselbiseleri.com\/index.php?rest_route=\/wp\/v2\/product\/6597"}],"collection":[{"href":"https:\/\/ozturkiselbiseleri.com\/index.php?rest_route=\/wp\/v2\/product"}],"about":[{"href":"https:\/\/ozturkiselbiseleri.com\/index.php?rest_route=\/wp\/v2\/types\/product"}],"replies":[{"embeddable":true,"href":"https:\/\/ozturkiselbiseleri.com\/index.php?rest_route=%2Fwp%2Fv2%2Fcomments&post=6597"}],"wp:featuredmedia":[{"embeddable":true,"href":"https:\/\/ozturkiselbiseleri.com\/index.php?rest_route=\/wp\/v2\/media\/6596"}],"wp:attachment":[{"href":"https:\/\/ozturkiselbiseleri.com\/index.php?rest_route=%2Fwp%2Fv2%2Fmedia&parent=6597"}],"wp:term":[{"taxonomy":"product_cat","embeddable":true,"href":"https:\/\/ozturkiselbiseleri.com\/index.php?rest_route=%2Fwp%2Fv2%2Fproduct_cat&post=6597"},{"taxonomy":"product_tag","embeddable":true,"href":"https:\/\/ozturkiselbiseleri.com\/index.php?rest_route=%2Fwp%2Fv2%2Fproduct_tag&post=6597"}],"curies":[{"name":"wp","href":"https:\/\/api.w.org\/{rel}","templated":true}]}}