{"id":6625,"date":"2024-01-29T15:39:05","date_gmt":"2024-01-29T12:39:05","guid":{"rendered":"https:\/\/ozturkiselbiseleri.com\/?post_type=product&#038;p=6625"},"modified":"2024-01-29T15:39:06","modified_gmt":"2024-01-29T12:39:06","slug":"mfk-9202-dikkat-uyari-tabelasi-cift-tarafli","status":"publish","type":"product","link":"https:\/\/ozturkiselbiseleri.com\/?product=mfk-9202-dikkat-uyari-tabelasi-cift-tarafli","title":{"rendered":"MFK 9202 D\u0130KKAT UYARI TABELASI (\u00c7\u0130FT TARAFLI)"},"content":{"rendered":"<h2>MFK 9202 TEKN\u0130K \u00d6ZELL\u0130KLER<\/h2>\n<p>Malzeme : PP<\/p>\n<p>Geni\u015flik : 350&#215;430 mm<\/p>\n<p>Renk : Beyaz<\/p>\n<p>A\u011f\u0131rl\u0131k : 380 Gr \u00b1 20 Gr<\/p>\n","protected":false},"excerpt":{"rendered":"<p>MFK 9202 TEKN\u0130K \u00d6ZELL\u0130KLER Malzeme : PP Geni\u015flik : 350&#215;430 mm Renk : Beyaz A\u011f\u0131rl\u0131k : 380 Gr \u00b1 20 Gr<\/p>\n","protected":false},"featured_media":6626,"comment_status":"open","ping_status":"closed","template":"","meta":[],"product_cat":[91,70],"product_tag":[],"_links":{"self":[{"href":"https:\/\/ozturkiselbiseleri.com\/index.php?rest_route=\/wp\/v2\/product\/6625"}],"collection":[{"href":"https:\/\/ozturkiselbiseleri.com\/index.php?rest_route=\/wp\/v2\/product"}],"about":[{"href":"https:\/\/ozturkiselbiseleri.com\/index.php?rest_route=\/wp\/v2\/types\/product"}],"replies":[{"embeddable":true,"href":"https:\/\/ozturkiselbiseleri.com\/index.php?rest_route=%2Fwp%2Fv2%2Fcomments&post=6625"}],"wp:featuredmedia":[{"embeddable":true,"href":"https:\/\/ozturkiselbiseleri.com\/index.php?rest_route=\/wp\/v2\/media\/6626"}],"wp:attachment":[{"href":"https:\/\/ozturkiselbiseleri.com\/index.php?rest_route=%2Fwp%2Fv2%2Fmedia&parent=6625"}],"wp:term":[{"taxonomy":"product_cat","embeddable":true,"href":"https:\/\/ozturkiselbiseleri.com\/index.php?rest_route=%2Fwp%2Fv2%2Fproduct_cat&post=6625"},{"taxonomy":"product_tag","embeddable":true,"href":"https:\/\/ozturkiselbiseleri.com\/index.php?rest_route=%2Fwp%2Fv2%2Fproduct_tag&post=6625"}],"curies":[{"name":"wp","href":"https:\/\/api.w.org\/{rel}","templated":true}]}}