{"id":6655,"date":"2024-01-29T15:48:20","date_gmt":"2024-01-29T12:48:20","guid":{"rendered":"https:\/\/ozturkiselbiseleri.com\/?post_type=product&#038;p=6655"},"modified":"2024-01-29T15:48:20","modified_gmt":"2024-01-29T12:48:20","slug":"mfk-9307-azami-hiz-tabelasi-tek-tarafli","status":"publish","type":"product","link":"https:\/\/ozturkiselbiseleri.com\/?product=mfk-9307-azami-hiz-tabelasi-tek-tarafli","title":{"rendered":"MFK 9307 AZAM\u0130 HIZ TABELASI (TEK TARAFLI)"},"content":{"rendered":"<h2>MFK 9307 TEKN\u0130K \u00d6ZELL\u0130KLER<\/h2>\n<p>Malzeme : PP<a class=\"current\" href=\"https:\/\/ozturkiselbiseleri-com.preview-domain.com\/wp-admin\/post-new.php?post_type=product\" aria-current=\"page\">Yeni ekle<\/a><\/p>\n<p>Geni\u015flik : 350&#215;410 mm<\/p>\n<p>Renk : Beyaz<\/p>\n<p>A\u011f\u0131rl\u0131k : 700 Gr \u00b1 40 Gr<\/p>\n","protected":false},"excerpt":{"rendered":"<p>MFK 9307 TEKN\u0130K \u00d6ZELL\u0130KLER Malzeme : PPYeni ekle Geni\u015flik : 350&#215;410 mm Renk : Beyaz A\u011f\u0131rl\u0131k : 700 Gr \u00b1 40 Gr<\/p>\n","protected":false},"featured_media":6656,"comment_status":"open","ping_status":"closed","template":"","meta":[],"product_cat":[91,70],"product_tag":[],"_links":{"self":[{"href":"https:\/\/ozturkiselbiseleri.com\/index.php?rest_route=\/wp\/v2\/product\/6655"}],"collection":[{"href":"https:\/\/ozturkiselbiseleri.com\/index.php?rest_route=\/wp\/v2\/product"}],"about":[{"href":"https:\/\/ozturkiselbiseleri.com\/index.php?rest_route=\/wp\/v2\/types\/product"}],"replies":[{"embeddable":true,"href":"https:\/\/ozturkiselbiseleri.com\/index.php?rest_route=%2Fwp%2Fv2%2Fcomments&post=6655"}],"wp:featuredmedia":[{"embeddable":true,"href":"https:\/\/ozturkiselbiseleri.com\/index.php?rest_route=\/wp\/v2\/media\/6656"}],"wp:attachment":[{"href":"https:\/\/ozturkiselbiseleri.com\/index.php?rest_route=%2Fwp%2Fv2%2Fmedia&parent=6655"}],"wp:term":[{"taxonomy":"product_cat","embeddable":true,"href":"https:\/\/ozturkiselbiseleri.com\/index.php?rest_route=%2Fwp%2Fv2%2Fproduct_cat&post=6655"},{"taxonomy":"product_tag","embeddable":true,"href":"https:\/\/ozturkiselbiseleri.com\/index.php?rest_route=%2Fwp%2Fv2%2Fproduct_tag&post=6655"}],"curies":[{"name":"wp","href":"https:\/\/api.w.org\/{rel}","templated":true}]}}