{"id":6676,"date":"2024-01-29T15:54:19","date_gmt":"2024-01-29T12:54:19","guid":{"rendered":"https:\/\/ozturkiselbiseleri.com\/?post_type=product&#038;p=6676"},"modified":"2024-01-29T15:54:19","modified_gmt":"2024-01-29T12:54:19","slug":"mfk-9506-power-ledli-solar-flasor-kirmizi","status":"publish","type":"product","link":"https:\/\/ozturkiselbiseleri.com\/?product=mfk-9506-power-ledli-solar-flasor-kirmizi","title":{"rendered":"MFK 9506  POWER LEDL\u0130 SOLAR FLA\u015e\u00d6R KIRMIZI"},"content":{"rendered":"<h2>MFK 9506 TEKN\u0130K \u00d6ZELL\u0130KLER<\/h2>\n<table width=\"373\">\n<tbody>\n<tr>\n<td width=\"159\">Material<\/td>\n<td width=\"8\">:<\/td>\n<td width=\"206\">PC, ABS<\/td>\n<\/tr>\n<tr>\n<td>\u00d6l\u00e7\u00fcler<\/td>\n<td>:<\/td>\n<td>24x24x12 cm<\/td>\n<\/tr>\n<tr>\n<td>A\u011f\u0131rl\u0131k<\/td>\n<td>:<\/td>\n<td>900 gr \u00b1 50 gr<\/td>\n<\/tr>\n<tr>\n<td>Solar Panel \u00d6l\u00e7\u00fcler<\/td>\n<td>:<\/td>\n<td>4&#215;12 cm<\/td>\n<\/tr>\n<tr>\n<td>Solar Panel Voltage<\/td>\n<td>:<\/td>\n<td>4 V<\/td>\n<\/tr>\n<tr>\n<td>Solar Panel Material<\/td>\n<td>:<\/td>\n<td>NI,<\/td>\n<\/tr>\n<tr>\n<td>Solar Panel Watt<\/td>\n<td>:<\/td>\n<td>0,6 W<\/td>\n<\/tr>\n<tr>\n<td>Pil Voltaj<\/td>\n<td>:<\/td>\n<td>2&#215;1.2 V<\/td>\n<\/tr>\n<tr>\n<td>Ak\u00fc<\/td>\n<td>:<\/td>\n<td>2000 mA\/h<\/td>\n<\/tr>\n<tr>\n<td>Renk<\/td>\n<td>:<\/td>\n<td>K\u0131rm\u0131z\u0131<\/td>\n<\/tr>\n<tr>\n<td>Montaj<\/td>\n<td>:<\/td>\n<td>Delinat\u00f6rler, Koniler, Bariyerler vb<\/td>\n<\/tr>\n<\/tbody>\n<\/table>\n","protected":false},"excerpt":{"rendered":"<p>MFK 9506 TEKN\u0130K \u00d6ZELL\u0130KLER Material : PC, ABS \u00d6l\u00e7\u00fcler : 24x24x12 cm A\u011f\u0131rl\u0131k : 900 gr \u00b1 50 gr Solar Panel \u00d6l\u00e7\u00fcler : 4&#215;12 cm&#8230;<\/p>\n","protected":false},"featured_media":6677,"comment_status":"open","ping_status":"closed","template":"","meta":[],"product_cat":[92,70],"product_tag":[],"_links":{"self":[{"href":"https:\/\/ozturkiselbiseleri.com\/index.php?rest_route=\/wp\/v2\/product\/6676"}],"collection":[{"href":"https:\/\/ozturkiselbiseleri.com\/index.php?rest_route=\/wp\/v2\/product"}],"about":[{"href":"https:\/\/ozturkiselbiseleri.com\/index.php?rest_route=\/wp\/v2\/types\/product"}],"replies":[{"embeddable":true,"href":"https:\/\/ozturkiselbiseleri.com\/index.php?rest_route=%2Fwp%2Fv2%2Fcomments&post=6676"}],"wp:featuredmedia":[{"embeddable":true,"href":"https:\/\/ozturkiselbiseleri.com\/index.php?rest_route=\/wp\/v2\/media\/6677"}],"wp:attachment":[{"href":"https:\/\/ozturkiselbiseleri.com\/index.php?rest_route=%2Fwp%2Fv2%2Fmedia&parent=6676"}],"wp:term":[{"taxonomy":"product_cat","embeddable":true,"href":"https:\/\/ozturkiselbiseleri.com\/index.php?rest_route=%2Fwp%2Fv2%2Fproduct_cat&post=6676"},{"taxonomy":"product_tag","embeddable":true,"href":"https:\/\/ozturkiselbiseleri.com\/index.php?rest_route=%2Fwp%2Fv2%2Fproduct_tag&post=6676"}],"curies":[{"name":"wp","href":"https:\/\/api.w.org\/{rel}","templated":true}]}}