{"id":6690,"date":"2024-01-29T16:00:03","date_gmt":"2024-01-29T13:00:03","guid":{"rendered":"https:\/\/ozturkiselbiseleri.com\/?post_type=product&#038;p=6690"},"modified":"2024-01-29T16:00:03","modified_gmt":"2024-01-29T13:00:03","slug":"mfk-9520-o200-sari-flasor","status":"publish","type":"product","link":"https:\/\/ozturkiselbiseleri.com\/?product=mfk-9520-o200-sari-flasor","title":{"rendered":"MFK 9520 \u00d8200 SARI FLA\u015e\u00d6R"},"content":{"rendered":"<h2>MFK 9520 TEKN\u0130K \u00d6ZELL\u0130KLER<\/h2>\n<p>Malzeme :G\u00f6vde Polikarbon<\/p>\n<p>\u00d6l\u00e7\u00fcler : 240&#215;240 mm<\/p>\n<p>LED : 5 mm \u015eeffaf\/Sar\u0131\/K\u0131rm\u0131z\u0131<\/p>\n<p>Solar\/Ak\u00fc :\u00a010W Polikristal Solar\/12V7Ah Kuru Tip Ak\u00fc<\/p>\n<p>A\u011f\u0131rl\u0131k : 7 kg<\/p>\n","protected":false},"excerpt":{"rendered":"<p>MFK 9520 TEKN\u0130K \u00d6ZELL\u0130KLER Malzeme :G\u00f6vde Polikarbon \u00d6l\u00e7\u00fcler : 240&#215;240 mm LED : 5 mm \u015eeffaf\/Sar\u0131\/K\u0131rm\u0131z\u0131 Solar\/Ak\u00fc :\u00a010W Polikristal Solar\/12V7Ah Kuru Tip Ak\u00fc A\u011f\u0131rl\u0131k :&#8230;<\/p>\n","protected":false},"featured_media":6691,"comment_status":"open","ping_status":"closed","template":"","meta":[],"product_cat":[92,70],"product_tag":[],"_links":{"self":[{"href":"https:\/\/ozturkiselbiseleri.com\/index.php?rest_route=\/wp\/v2\/product\/6690"}],"collection":[{"href":"https:\/\/ozturkiselbiseleri.com\/index.php?rest_route=\/wp\/v2\/product"}],"about":[{"href":"https:\/\/ozturkiselbiseleri.com\/index.php?rest_route=\/wp\/v2\/types\/product"}],"replies":[{"embeddable":true,"href":"https:\/\/ozturkiselbiseleri.com\/index.php?rest_route=%2Fwp%2Fv2%2Fcomments&post=6690"}],"wp:featuredmedia":[{"embeddable":true,"href":"https:\/\/ozturkiselbiseleri.com\/index.php?rest_route=\/wp\/v2\/media\/6691"}],"wp:attachment":[{"href":"https:\/\/ozturkiselbiseleri.com\/index.php?rest_route=%2Fwp%2Fv2%2Fmedia&parent=6690"}],"wp:term":[{"taxonomy":"product_cat","embeddable":true,"href":"https:\/\/ozturkiselbiseleri.com\/index.php?rest_route=%2Fwp%2Fv2%2Fproduct_cat&post=6690"},{"taxonomy":"product_tag","embeddable":true,"href":"https:\/\/ozturkiselbiseleri.com\/index.php?rest_route=%2Fwp%2Fv2%2Fproduct_tag&post=6690"}],"curies":[{"name":"wp","href":"https:\/\/api.w.org\/{rel}","templated":true}]}}