{"id":6780,"date":"2024-01-29T16:38:37","date_gmt":"2024-01-29T13:38:37","guid":{"rendered":"https:\/\/ozturkiselbiseleri.com\/?post_type=product&#038;p=6780"},"modified":"2024-01-29T16:38:37","modified_gmt":"2024-01-29T13:38:37","slug":"mfk-9638-hiz-limiti-90-km-100-x-100-cm","status":"publish","type":"product","link":"https:\/\/ozturkiselbiseleri.com\/?product=mfk-9638-hiz-limiti-90-km-100-x-100-cm","title":{"rendered":"MFK 9638 HIZ L\u0130M\u0130T\u0130 90 KM 100 x 100 CM"},"content":{"rendered":"<h2>MFK 9638 TEKN\u0130K \u00d6ZELL\u0130KLER<\/h2>\n<p>Malzeme :1,2 mm Statik Toz Boyal\u0131 Sa\u00e7 Kasa<\/p>\n<p>\u00d6l\u00e7\u00fcler : 1000x1000x40 mm<\/p>\n<p>LED : 5 mm \u015eeffaf\/K\u0131rm\u0131z\u0131\/Beyaz, 8mm LED Lensi<\/p>\n<p>Solar\/Ak\u00fc :\u00a010W Polikristal Solar\/12V7Ah Kuru Tip Ak\u00fc<\/p>\n<p>Reflektif :\u00a0Reklektif Folyo \u00dczeri Dijital Bask\u0131<\/p>\n<p>A\u011f\u0131rl\u0131k : 29 kg<\/p>\n","protected":false},"excerpt":{"rendered":"<p>MFK 9638 TEKN\u0130K \u00d6ZELL\u0130KLER Malzeme :1,2 mm Statik Toz Boyal\u0131 Sa\u00e7 Kasa \u00d6l\u00e7\u00fcler : 1000x1000x40 mm LED : 5 mm \u015eeffaf\/K\u0131rm\u0131z\u0131\/Beyaz, 8mm LED Lensi Solar\/Ak\u00fc&#8230;<\/p>\n","protected":false},"featured_media":6781,"comment_status":"open","ping_status":"closed","template":"","meta":[],"product_cat":[92,70],"product_tag":[],"_links":{"self":[{"href":"https:\/\/ozturkiselbiseleri.com\/index.php?rest_route=\/wp\/v2\/product\/6780"}],"collection":[{"href":"https:\/\/ozturkiselbiseleri.com\/index.php?rest_route=\/wp\/v2\/product"}],"about":[{"href":"https:\/\/ozturkiselbiseleri.com\/index.php?rest_route=\/wp\/v2\/types\/product"}],"replies":[{"embeddable":true,"href":"https:\/\/ozturkiselbiseleri.com\/index.php?rest_route=%2Fwp%2Fv2%2Fcomments&post=6780"}],"wp:featuredmedia":[{"embeddable":true,"href":"https:\/\/ozturkiselbiseleri.com\/index.php?rest_route=\/wp\/v2\/media\/6781"}],"wp:attachment":[{"href":"https:\/\/ozturkiselbiseleri.com\/index.php?rest_route=%2Fwp%2Fv2%2Fmedia&parent=6780"}],"wp:term":[{"taxonomy":"product_cat","embeddable":true,"href":"https:\/\/ozturkiselbiseleri.com\/index.php?rest_route=%2Fwp%2Fv2%2Fproduct_cat&post=6780"},{"taxonomy":"product_tag","embeddable":true,"href":"https:\/\/ozturkiselbiseleri.com\/index.php?rest_route=%2Fwp%2Fv2%2Fproduct_tag&post=6780"}],"curies":[{"name":"wp","href":"https:\/\/api.w.org\/{rel}","templated":true}]}}