{"id":6833,"date":"2024-01-29T16:57:53","date_gmt":"2024-01-29T13:57:53","guid":{"rendered":"https:\/\/ozturkiselbiseleri.com\/?post_type=product&#038;p=6833"},"modified":"2024-02-22T14:08:38","modified_gmt":"2024-02-22T11:08:38","slug":"mfk-2410-zincir-takma-aparati-2","status":"publish","type":"product","link":"https:\/\/ozturkiselbiseleri.com\/?product=mfk-2410-zincir-takma-aparati-2","title":{"rendered":"MFK 2410 Z\u0130NC\u0130R TAKMA APARATI"},"content":{"rendered":"<p>Merhabasdal \u015fdlkjaslkdja\u015fdsa<img loading=\"lazy\" decoding=\"async\" class=\"alignnone size-medium wp-image-6856\" src=\"https:\/\/ozturkiselbiseleri.com\/wp-content\/uploads\/2024\/02\/234573-slider-2-300x138.png\" alt=\"\" width=\"300\" height=\"138\" srcset=\"https:\/\/ozturkiselbiseleri.com\/wp-content\/uploads\/2024\/02\/234573-slider-2-300x138.png 300w, https:\/\/ozturkiselbiseleri.com\/wp-content\/uploads\/2024\/02\/234573-slider-2-1024x472.png 1024w, https:\/\/ozturkiselbiseleri.com\/wp-content\/uploads\/2024\/02\/234573-slider-2-768x354.png 768w, https:\/\/ozturkiselbiseleri.com\/wp-content\/uploads\/2024\/02\/234573-slider-2-1536x708.png 1536w, https:\/\/ozturkiselbiseleri.com\/wp-content\/uploads\/2024\/02\/234573-slider-2-600x277.png 600w, https:\/\/ozturkiselbiseleri.com\/wp-content\/uploads\/2024\/02\/234573-slider-2.png 1920w\" sizes=\"(max-width: 300px) 100vw, 300px\" \/><\/p>\n","protected":false},"excerpt":{"rendered":"<p>Merhabasdal \u015fdlkjaslkdja\u015fdsa<\/p>\n","protected":false},"featured_media":6116,"comment_status":"open","ping_status":"closed","template":"","meta":[],"product_cat":[93,70],"product_tag":[],"_links":{"self":[{"href":"https:\/\/ozturkiselbiseleri.com\/index.php?rest_route=\/wp\/v2\/product\/6833"}],"collection":[{"href":"https:\/\/ozturkiselbiseleri.com\/index.php?rest_route=\/wp\/v2\/product"}],"about":[{"href":"https:\/\/ozturkiselbiseleri.com\/index.php?rest_route=\/wp\/v2\/types\/product"}],"replies":[{"embeddable":true,"href":"https:\/\/ozturkiselbiseleri.com\/index.php?rest_route=%2Fwp%2Fv2%2Fcomments&post=6833"}],"wp:featuredmedia":[{"embeddable":true,"href":"https:\/\/ozturkiselbiseleri.com\/index.php?rest_route=\/wp\/v2\/media\/6116"}],"wp:attachment":[{"href":"https:\/\/ozturkiselbiseleri.com\/index.php?rest_route=%2Fwp%2Fv2%2Fmedia&parent=6833"}],"wp:term":[{"taxonomy":"product_cat","embeddable":true,"href":"https:\/\/ozturkiselbiseleri.com\/index.php?rest_route=%2Fwp%2Fv2%2Fproduct_cat&post=6833"},{"taxonomy":"product_tag","embeddable":true,"href":"https:\/\/ozturkiselbiseleri.com\/index.php?rest_route=%2Fwp%2Fv2%2Fproduct_tag&post=6833"}],"curies":[{"name":"wp","href":"https:\/\/api.w.org\/{rel}","templated":true}]}}